{"id":1458,"date":"2026-04-29T12:13:40","date_gmt":"2026-04-29T10:13:40","guid":{"rendered":"https:\/\/id-teachers.eu\/index.php\/legal-advice\/"},"modified":"2026-04-29T12:58:17","modified_gmt":"2026-04-29T10:58:17","slug":"legal-advice","status":"publish","type":"page","link":"https:\/\/id-teachers.eu\/es\/index.php\/legal-advice\/","title":{"rendered":"Aviso legal"},"content":{"rendered":"\t\t<div data-elementor-type=\"wp-page\" data-elementor-id=\"1458\" class=\"elementor elementor-1458 elementor-1437\">\n\t\t\t\t\t\t<section class=\"elementor-section elementor-top-section elementor-element elementor-element-10dadc3 elementor-section-boxed elementor-section-height-default elementor-section-height-default wpr-particle-no wpr-jarallax-no wpr-parallax-no wpr-sticky-section-no wpr-equal-height-no\" data-id=\"10dadc3\" data-element_type=\"section\" data-e-type=\"section\" data-settings=\"{&quot;background_background&quot;:&quot;classic&quot;}\">\n\t\t\t\t\t\t<div class=\"elementor-container elementor-column-gap-default\">\n\t\t\t\t\t<div class=\"elementor-column elementor-col-100 elementor-top-column elementor-element elementor-element-feaac02\" data-id=\"feaac02\" data-element_type=\"column\" data-e-type=\"column\">\n\t\t\t<div class=\"elementor-widget-wrap elementor-element-populated\">\n\t\t\t\t\t\t<div class=\"elementor-element elementor-element-d0a6e78 elementor-widget elementor-widget-heading\" data-id=\"d0a6e78\" data-element_type=\"widget\" data-e-type=\"widget\" data-widget_type=\"heading.default\">\n\t\t\t\t<div class=\"elementor-widget-container\">\n\t\t\t\t\t<h2 class=\"elementor-heading-title elementor-size-default\">Aviso Legal<\/h2>\t\t\t\t<\/div>\n\t\t\t\t<\/div>\n\t\t\t\t\t<\/div>\n\t\t<\/div>\n\t\t\t\t\t<\/div>\n\t\t<\/section>\n\t\t\t\t<section class=\"elementor-section elementor-top-section elementor-element elementor-element-150a66a elementor-section-boxed elementor-section-height-default elementor-section-height-default wpr-particle-no wpr-jarallax-no wpr-parallax-no wpr-sticky-section-no wpr-equal-height-no\" data-id=\"150a66a\" data-element_type=\"section\" data-e-type=\"section\">\n\t\t\t\t\t\t<div class=\"elementor-container elementor-column-gap-default\">\n\t\t\t\t\t<div class=\"elementor-column elementor-col-100 elementor-top-column elementor-element elementor-element-e033626\" data-id=\"e033626\" data-element_type=\"column\" data-e-type=\"column\">\n\t\t\t<div class=\"elementor-widget-wrap elementor-element-populated\">\n\t\t\t\t\t\t<div class=\"elementor-element elementor-element-75ecec3 elementor-widget elementor-widget-text-editor\" data-id=\"75ecec3\" data-element_type=\"widget\" data-e-type=\"widget\" data-widget_type=\"text-editor.default\">\n\t\t\t\t<div class=\"elementor-widget-container\">\n\t\t\t\t\t\t\t\t\t<div><div><div>Las presentes Condiciones Generales tienen por objeto regular las condiciones de uso del sitio web https:\/\/es.app.id-teachers.eu\/ (en adelante, el \u201csitio web\u201d), cuyo titular es Instituto para el Fomento del Desarrollo y la Formaci\u00f3n, S.L., (en adelante, INFODEF), con CIF B34251488, domicilio en Calle Los Molinos No. 3, 1\u00ba CP 47001, Valladolid, e inscrita en el Registro Mercantil de Valladolid (Espa\u00f1a) con el que se puede poner en contacto a trav\u00e9s de info@infodef.es y del tel\u00e9fono +34635505841.<\/div><p>\u00a0<\/p><div><strong>1. Condiciones de acceso<\/strong><\/div><div>La finalidad de este sitio web es facilitar informaci\u00f3n y acceso a los servicios y productos desarrollados en el marco del proyecto ID Teachers. Su utilizaci\u00f3n supone la aceptaci\u00f3n plena por el Usuario de estas condiciones, por lo que si no est\u00e1 de acuerdo con el contenido de las mismas deber\u00e1 abstenerse de hacer uso del sitio web, as\u00ed como de los servicios ofrecidos en \u00e9l. INFODEF se reserva el derecho a efectuar las modificaciones que estime oportunas, pudiendo modificar, suprimir o incluir, sin previo aviso, nuevos contenidos y\/o servicios, as\u00ed como la forma en que \u00e9stos aparezcan presentados y localizados y las condiciones de uso del sitio web.<\/div><div>El Usuario acepta que el acceso y uso del sitio web y de los contenidos incluidos en el mismo tiene lugar libre y conscientemente, bajo su exclusiva responsabilidad, y en consecuencia se compromete a:<\/div><div>\u2022 \u00a0 No utilizar el sitio web para la realizaci\u00f3n de actividades contrarias a la ley, a la moral, al orden p\u00fablico, en general, y hacer un uso l\u00edcito y honrado conforme a las presentes Condiciones Generales, as\u00ed como abstenerse de realizar cualquier acto que pudiera da\u00f1ar, inutilizar, sobrecargar o deteriorar el sitio web y\/o impedir el normal uso y utilizaci\u00f3n por parte del resto de Usuarios.<\/div><div>\u2022 \u00a0 No manipular o alterar cualquier contenido del sitio web sin el consentimiento expreso y por escrito de su titular. Cualquier alteraci\u00f3n, modificaci\u00f3n o manipulaci\u00f3n sin el consentimiento de su titular, exime a \u00e9ste de responsabilidad alguna.<\/div><div>\u2022 \u00a0 No transformar o modificar los contenidos, a menos que se cuente con la preceptiva autorizaci\u00f3n del titular de los correspondientes derechos o ello resulte legalmente permitido; as\u00ed como suprimir, eludir o manipular los datos identificativos de los derechos de INFODEF o de los titulares incorporados a los contenidos, as\u00ed como los dispositivos t\u00e9cnicos de protecci\u00f3n, o cualesquiera mecanismos de informaci\u00f3n que pudieren contener los rese\u00f1ados contenidos.<\/div><div>\u2022 \u00a0 No introducir o difundir en el Webapp, programas de datos (virus o cualquier tipo de software de car\u00e1cter nocivo) susceptibles de provocar da\u00f1os en el sitio web.<\/div><p>\u00a0<\/p><div>INFODEF no garantiza la disponibilidad y continuidad del sitio webni se hace responsable de cualesquiera da\u00f1os y perjuicios puedan producirse, ni de los defectos t\u00e9cnicos, incluidos virus u otros elementos lesivos, cualquiera que sea la naturaleza, derivados del uso de la informaci\u00f3n y de las materias contenidas en el sitio web.<\/div><p>\u00a0<\/p><div><strong>2. Uso de cookies.<\/strong><\/div><div>Con el objeto de prestar un mejor servicio, INFODEF puede almacenar en el ordenador del Usuario peque\u00f1os ficheros de informaci\u00f3n denominados cookies, utilizados para el correcto funcionamiento de algunos de los servicios que se ofrecen, as\u00ed como para realizar estad\u00edsticas de uso, diagnosticar problemas en el sitio web, y para la administraci\u00f3n de algunos de los servicios ofrecidos. Para limitar o restringir la admisi\u00f3n de cookies en su equipo, el Usuario puede configurar su navegador a estos efectos. Para m\u00e1s informaci\u00f3n, por favor visite nuestra <a href=\"https:\/\/id-teachers.eu\/es\/index.php\/cookie-policy\/\">Pol\u00edtica de cookies<\/a><\/div><p>\u00a0<\/p><div><strong>3. Responsabilidades.<\/strong><\/div><div>El Usuario responder\u00e1 de los da\u00f1os y perjuicios de toda naturaleza que INFODEF o cualquier tercero pueda sufrir como consecuencia del incumplimiento de cualquiera de las obligaciones a las que queda sometido por las presentes Condiciones Generales.<\/div><div>INFODEF no asume ninguna responsabilidad ni realiza ning\u00fan control sobre los posibles hiperv\u00ednculos que contenga el sitio web a contenidos externos al mismo; no obstante, retirar\u00e1 aquellos enlaces que incluyan contenidos il\u00edcitos tan pronto como pueda conocerlo.<\/div><p>\u00a0<\/p><div><strong>4. Propiedad Intelectual e Industrial.<\/strong><\/div><div>El Usuario reconoce que todos los contenidos del sitio web y, en concreto, de toda la informaci\u00f3n y materiales, la estructura, selecci\u00f3n, ordenaci\u00f3n y prestaci\u00f3n de sus contenidos, programas y desarrollo de aplicaciones utilizados en relaci\u00f3n con ellos, est\u00e1n protegidos bajo los t\u00e9rminos de una licencia p\u00fablica <a href=\"https:\/\/creativecommons.org\/licenses\/by\/4.0\/deed.es\" target=\"_blank\" rel=\"noopener\">Creative Commons<\/a> (CCPL o licencia). Queda prohibido cualquier uso del sitio web y de sus contenidos diferente a lo autorizado bajo esta licencia o lo dispuesto en la ley de propiedad intelectual. Mediante el ejercicio de cualquier derecho sobre el sitio web, usted acepta y consiente las limitaciones y obligaciones de esta licencia, sin perjuicio de la necesidad de consentimiento expreso en caso de violaci\u00f3n previa de los t\u00e9rminos de la misma. el licenciador le concede los derechos contenidos en esta licencia, siempre que usted acepte los presentes t\u00e9rminos y condiciones.<\/div><p>\u00a0<\/p><div>El acceso o utilizaci\u00f3n de los contenidos por parte del Usuario no implicar\u00e1 ning\u00fan tipo de renuncia, transmisi\u00f3n o cesi\u00f3n total ni parcial de los derechos asociados a la licencia Creative Commons. Los derechos de utilizaci\u00f3n, alteraci\u00f3n, explotaci\u00f3n, reproducci\u00f3n, distribuci\u00f3n o comunicaci\u00f3n p\u00fablica sobre dichos contenidos quedan regulados por la licencia Creative Commons de la forma siguiente.<\/div><p>\u00a0<\/p><div><span style=\"text-decoration: underline;\">A. Concesi\u00f3n de licencia.<\/span><\/div><div>Conforme a los t\u00e9rminos y a las condiciones de esta licencia, el licenciador concede, por el plazo de protecci\u00f3n de los derechos de propiedad intelectual y a t\u00edtulo gratuito, una licencia de \u00e1mbito mundial no exclusiva que incluye los derechos siguientes: \u00a0<\/div><div>\u2022 \u00a0 Derecho de reproducci\u00f3n, distribuci\u00f3n y comunicaci\u00f3n p\u00fablica de la plataforma online y\/o sus contenidos.<\/div><div>\u2022 \u00a0 Derecho a incorporar la plataforma online y\/o sus contenidos en una o m\u00e1s colecciones.<\/div><div>\u2022 \u00a0 Derecho de reproducci\u00f3n, distribuci\u00f3n y comunicaci\u00f3n p\u00fablica de la plataforma online y\/o sus contenidos l\u00edcitamente incorporada en una colecci\u00f3n.<\/div><div>\u2022 \u00a0 Derecho a extraer y reutilizar la plataforma online y\/o sus contenidos de una base de datos.<\/div><div>Estos derechos se pueden ejercitar en todos los medios y formatos, tangibles o intangibles, conocidos en el momento de la concesi\u00f3n de esta licencia. Los derechos mencionados incluyen el derecho a efectuar las modificaciones que sean precisas t\u00e9cnicamente para el ejercicio de los derechos en otros medios y formatos. Todos los derechos no concedidos expresamente por el licenciador quedan reservados, incluyendo, a t\u00edtulo enunciativo pero no limitativo, la imposibilidad de ofrecer o imponer ninguna condici\u00f3n sobre la obra o prestaci\u00f3n que altere o restrinja los t\u00e9rminos de esta licencia o el ejercicio de sus derechos por parte de los concesionarios de la misma, as\u00ed como los derechos morales irrenunciables reconocidos por la ley aplicable. En la medida en que el licenciador ostente derechos exclusivos previstos por la ley nacional vigente que implementa la directiva europea en materia de derecho sui generis sobre bases de datos, renuncia expresamente a dichos derechos exclusivos. \u00a0<\/div><p>\u00a0<\/p><div><span style=\"text-decoration: underline;\">B. L\u00edmites de los derechos.<\/span><\/div><div>Nada en esta licencia pretende reducir o restringir cualesquiera l\u00edmites legales de los derechos exclusivos del titular de los derechos de propiedad intelectual de acuerdo con la Ley de propiedad intelectual o cualesquiera otras leyes aplicables, ya sean derivados de usos leg\u00edtimos, tales como la copia privada o la cita, u otras limitaciones como la resultante de la primera venta de ejemplares (agotamiento).<\/div><p>\u00a0<\/p><div>INFODEF es titular de los elementos que integran el dise\u00f1o gr\u00e1fico del sitio web, los men\u00fas, botones de navegaci\u00f3n, el c\u00f3digo, los textos, im\u00e1genes, texturas, gr\u00e1ficos y cualquier otro contenido de la p\u00e1gina web o, en otros casos, dispone de la correspondiente autorizaci\u00f3n para la utilizaci\u00f3n de dichos elementos.<\/div><div>Todas las marcas, nombres comerciales o signos distintivos mostrados en este sitio web son propiedad de INFODEF y\/o de terceras empresas. Se proh\u00edbe usarlos o descargarlos permanentemente, copiarlos o distribuirlos por cualquier medio sin el preceptivo consentimiento de su titular.<\/div><p>\u00a0<\/p><div>En el caso de que cualquier Usuario o un tercero consideren que cualquiera de los contenidos ha sido introducido en el sitio web con violaci\u00f3n de sus derechos de Propiedad Intelectual o Industrial deber\u00e1 enviar una notificaci\u00f3n a INFODEF identific\u00e1ndose a s\u00ed mismo y al titular de los derechos de propiedad intelectual o industrial supuestamente infringidos, aportando t\u00edtulo o acreditaci\u00f3n de la representaci\u00f3n de los mencionados derechos.<\/div><p>\u00a0<\/p><div><strong>5. Protecci\u00f3n de datos.<\/strong><\/div><div>Para obtener informaci\u00f3n acerca del uso de sus datos, consulte nuestra <a href=\"https:\/\/id-teachers.eu\/es\/index.php\/privacy-policy\/\">Pol\u00edtica de Privacidad.<\/a><\/div><p>\u00a0<\/p><div><strong>6. Legislaci\u00f3n aplicable y jurisdicci\u00f3n.<\/strong><\/div><div>Las presentes Condiciones Generales se regir\u00e1n por lo dispuesto en la legislaci\u00f3n espa\u00f1ola. Para cuantas cuestiones pudieran suscitarse entre las partes en relaci\u00f3n con la interpretaci\u00f3n y ejecuci\u00f3n del presente documento, ambas partes acuerdan de forma expresa y con renuncia de cualquier otro fuero que pudiera corresponderles, a la jurisdicci\u00f3n de los Juzgados y Tribunales de Valladolid.<\/div><\/div><\/div>\t\t\t\t\t\t\t\t<\/div>\n\t\t\t\t<\/div>\n\t\t\t\t\t<\/div>\n\t\t<\/div>\n\t\t\t\t\t<\/div>\n\t\t<\/section>\n\t\t\t\t<\/div>\n\t\t","protected":false},"excerpt":{"rendered":"<p>Aviso Legal Las presentes Condiciones Generales tienen por objeto regular las condiciones de uso del sitio web https:\/\/es.app.id-teachers.eu\/ (en adelante, el \u201csitio web\u201d), cuyo titular es Instituto para el Fomento del Desarrollo y la Formaci\u00f3n, S.L., (en adelante, INFODEF), con CIF B34251488, domicilio en Calle Los Molinos No. 3, 1\u00ba CP 47001, Valladolid, e inscrita en el Registro Mercantil de Valladolid (Espa\u00f1a) con el que se puede poner en contacto a trav\u00e9s de info@infodef.es y del tel\u00e9fono +34635505841. \u00a0 1. Condiciones de accesoLa finalidad de este sitio web es facilitar informaci\u00f3n y acceso a los servicios y productos desarrollados en el marco del proyecto ID Teachers. Su utilizaci\u00f3n supone la aceptaci\u00f3n plena por el Usuario de estas condiciones, por lo que si no est\u00e1 de acuerdo con el contenido de las mismas deber\u00e1 abstenerse de hacer uso del sitio web, as\u00ed como de los servicios ofrecidos en \u00e9l. INFODEF se reserva el derecho a efectuar las modificaciones que estime oportunas, pudiendo modificar, suprimir o incluir, sin previo aviso, nuevos contenidos y\/o servicios, as\u00ed como la forma en que \u00e9stos aparezcan presentados y localizados y las condiciones de uso del sitio web.El Usuario acepta que el acceso y uso del sitio web y de los contenidos incluidos en el mismo tiene lugar libre y conscientemente, bajo su exclusiva responsabilidad, y en consecuencia se compromete a:\u2022 \u00a0 No utilizar el sitio web para la realizaci\u00f3n de actividades contrarias a la ley, a la moral, al orden p\u00fablico, en general, y hacer un uso l\u00edcito y honrado conforme a las presentes Condiciones Generales, as\u00ed como abstenerse de realizar cualquier acto que pudiera da\u00f1ar, inutilizar, sobrecargar o deteriorar el sitio web y\/o impedir el normal uso y utilizaci\u00f3n por parte del resto de Usuarios.\u2022 \u00a0 No manipular o alterar cualquier contenido del sitio web sin el consentimiento expreso y por escrito de su titular. Cualquier alteraci\u00f3n, modificaci\u00f3n o manipulaci\u00f3n sin el consentimiento de su titular, exime a \u00e9ste de responsabilidad alguna.\u2022 \u00a0 No transformar o modificar los contenidos, a menos que se cuente con la preceptiva autorizaci\u00f3n del titular de los correspondientes derechos o ello resulte legalmente permitido; as\u00ed como suprimir, eludir o manipular los datos identificativos de los derechos de INFODEF o de los titulares incorporados a los contenidos, as\u00ed como los dispositivos t\u00e9cnicos de protecci\u00f3n, o cualesquiera mecanismos de informaci\u00f3n que pudieren contener los rese\u00f1ados contenidos.\u2022 \u00a0 No introducir o difundir en el Webapp, programas de datos (virus o cualquier tipo de software de car\u00e1cter nocivo) susceptibles de provocar da\u00f1os en el sitio web. \u00a0 INFODEF no garantiza la disponibilidad y continuidad del sitio webni se hace responsable de cualesquiera da\u00f1os y perjuicios puedan producirse, ni de los defectos t\u00e9cnicos, incluidos virus u otros elementos lesivos, cualquiera que sea la naturaleza, derivados del uso de la informaci\u00f3n y de las materias contenidas en el sitio web. \u00a0 2. Uso de cookies.Con el objeto de prestar un mejor servicio, INFODEF puede almacenar en el ordenador del Usuario peque\u00f1os ficheros de informaci\u00f3n denominados cookies, utilizados para el correcto funcionamiento de algunos de los servicios que se ofrecen, as\u00ed como para realizar estad\u00edsticas de uso, diagnosticar problemas en el sitio web, y para la administraci\u00f3n de algunos de los servicios ofrecidos. Para limitar o restringir la admisi\u00f3n de cookies en su equipo, el Usuario puede configurar su navegador a estos efectos. Para m\u00e1s informaci\u00f3n, por favor visite nuestra Pol\u00edtica de cookies \u00a0 3. Responsabilidades.El Usuario responder\u00e1 de los da\u00f1os y perjuicios de toda naturaleza que INFODEF o cualquier tercero pueda sufrir como consecuencia del incumplimiento de cualquiera de las obligaciones a las que queda sometido por las presentes Condiciones Generales.INFODEF no asume ninguna responsabilidad ni realiza ning\u00fan control sobre los posibles hiperv\u00ednculos que contenga el sitio web a contenidos externos al mismo; no obstante, retirar\u00e1 aquellos enlaces que incluyan contenidos il\u00edcitos tan pronto como pueda conocerlo. \u00a0 4. Propiedad Intelectual e Industrial.El Usuario reconoce que todos los contenidos del sitio web y, en concreto, de toda la informaci\u00f3n y materiales, la estructura, selecci\u00f3n, ordenaci\u00f3n y prestaci\u00f3n de sus contenidos, programas y desarrollo de aplicaciones utilizados en relaci\u00f3n con ellos, est\u00e1n protegidos bajo los t\u00e9rminos de una licencia p\u00fablica Creative Commons (CCPL o licencia). Queda prohibido cualquier uso del sitio web y de sus contenidos diferente a lo autorizado bajo esta licencia o lo dispuesto en la ley de propiedad intelectual. Mediante el ejercicio de cualquier derecho sobre el sitio web, usted acepta y consiente las limitaciones y obligaciones de esta licencia, sin perjuicio de la necesidad de consentimiento expreso en caso de violaci\u00f3n previa de los t\u00e9rminos de la misma. el licenciador le concede los derechos contenidos en esta licencia, siempre que usted acepte los presentes t\u00e9rminos y condiciones. \u00a0 El acceso o utilizaci\u00f3n de los contenidos por parte del Usuario no implicar\u00e1 ning\u00fan tipo de renuncia, transmisi\u00f3n o cesi\u00f3n total ni parcial de los derechos asociados a la licencia Creative Commons. Los derechos de utilizaci\u00f3n, alteraci\u00f3n, explotaci\u00f3n, reproducci\u00f3n, distribuci\u00f3n o comunicaci\u00f3n p\u00fablica sobre dichos contenidos quedan regulados por la licencia Creative Commons de la forma siguiente. \u00a0 A. Concesi\u00f3n de licencia.Conforme a los t\u00e9rminos y a las condiciones de esta licencia, el licenciador concede, por el plazo de protecci\u00f3n de los derechos de propiedad intelectual y a t\u00edtulo gratuito, una licencia de \u00e1mbito mundial no exclusiva que incluye los derechos siguientes: \u00a0\u2022 \u00a0 Derecho de reproducci\u00f3n, distribuci\u00f3n y comunicaci\u00f3n p\u00fablica de la plataforma online y\/o sus contenidos.\u2022 \u00a0 Derecho a incorporar la plataforma online y\/o sus contenidos en una o m\u00e1s colecciones.\u2022 \u00a0 Derecho de reproducci\u00f3n, distribuci\u00f3n y comunicaci\u00f3n p\u00fablica de la plataforma online y\/o sus contenidos l\u00edcitamente incorporada en una colecci\u00f3n.\u2022 \u00a0 Derecho a extraer y reutilizar la plataforma online y\/o sus contenidos de una base de datos.Estos derechos se pueden ejercitar en todos los medios y formatos, tangibles o intangibles, conocidos en el momento de la concesi\u00f3n de esta licencia. Los derechos mencionados incluyen el derecho a efectuar las modificaciones que sean precisas t\u00e9cnicamente para el ejercicio de los derechos en<\/p>\n","protected":false},"author":1,"featured_media":0,"parent":0,"menu_order":0,"comment_status":"closed","ping_status":"closed","template":"elementor_header_footer","meta":{"footnotes":""},"class_list":["post-1458","page","type-page","status-publish","hentry"],"_links":{"self":[{"href":"https:\/\/id-teachers.eu\/es\/index.php\/wp-json\/wp\/v2\/pages\/1458","targetHints":{"allow":["GET"]}}],"collection":[{"href":"https:\/\/id-teachers.eu\/es\/index.php\/wp-json\/wp\/v2\/pages"}],"about":[{"href":"https:\/\/id-teachers.eu\/es\/index.php\/wp-json\/wp\/v2\/types\/page"}],"author":[{"embeddable":true,"href":"https:\/\/id-teachers.eu\/es\/index.php\/wp-json\/wp\/v2\/users\/1"}],"replies":[{"embeddable":true,"href":"https:\/\/id-teachers.eu\/es\/index.php\/wp-json\/wp\/v2\/comments?post=1458"}],"version-history":[{"count":4,"href":"https:\/\/id-teachers.eu\/es\/index.php\/wp-json\/wp\/v2\/pages\/1458\/revisions"}],"predecessor-version":[{"id":1476,"href":"https:\/\/id-teachers.eu\/es\/index.php\/wp-json\/wp\/v2\/pages\/1458\/revisions\/1476"}],"wp:attachment":[{"href":"https:\/\/id-teachers.eu\/es\/index.php\/wp-json\/wp\/v2\/media?parent=1458"}],"curies":[{"name":"wp","href":"https:\/\/api.w.org\/{rel}","templated":true}]}}